{"id":12,"date":"2018-10-26T10:04:57","date_gmt":"2018-10-26T08:04:57","guid":{"rendered":"https:\/\/kultura.koczala.pl\/gok\/?page_id=12"},"modified":"2019-07-25T14:22:17","modified_gmt":"2019-07-25T12:22:17","slug":"uslugi","status":"publish","type":"page","link":"https:\/\/kultura.koczala.pl\/gok\/uslugi\/","title":{"rendered":"Us\u0142ugi"},"content":{"rendered":"<p><strong>ZAPRASZAMY DO KORZYSTANIA Z NASZYCH US\u0141UG:<\/strong><\/p>\n<p><strong>\u00a0\u00a0\u00a0\u00a0\u00a0\u00a0\u00a0\u00a0\u00a0\u00a0\u00a0\u00a0\u00a0\u00a0\u00a0\u00a0 WYNAJMU SAL NA ORGANIZACJ\u0118 SZKOLE\u0143, IMPREZ RODZINNYCH I FIRMOWYCH,<\/strong><\/p>\n<p><strong>\u00a0\u00a0\u00a0\u00a0\u00a0\u00a0\u00a0\u00a0\u00a0\u00a0\u00a0\u00a0\u00a0\u00a0\u00a0\u00a0 WYPO\u017bYCZANIA SPRZ\u0118TU PLENEROWEGO,<\/strong><\/p>\n<p><strong>\u00a0\u00a0\u00a0\u00a0\u00a0\u00a0\u00a0\u00a0\u00a0\u00a0\u00a0\u00a0\u00a0\u00a0\u00a0\u00a0 WYPO\u017bYCZANIA NACZY\u0143 KUCHENNYCH,<\/strong><\/p>\n<p><strong>\u00a0\u00a0\u00a0\u00a0\u00a0\u00a0\u00a0\u00a0\u00a0\u00a0\u00a0\u00a0\u00a0\u00a0\u00a0\u00a0 WYPO\u017bYCZANIA STROJ\u00d3W KARNAWA\u0141OWYCH DLA DZIECI I DOROS\u0141YCH,<\/strong><\/p>\n<p><strong>\u00a0\u00a0\u00a0\u00a0\u00a0\u00a0\u00a0\u00a0\u00a0\u00a0\u00a0\u00a0\u00a0\u00a0\u00a0\u00a0 WYKONYWANIA OZDOBNYCH KARTEK OKOLICZNO\u015aCIOWYCH, DYPLOM\u00d3W I PODZI\u0118KOWA\u0143,<\/strong><\/p>\n<p><strong>\u00a0\u00a0\u00a0\u00a0\u00a0\u00a0\u00a0\u00a0\u00a0\u00a0\u00a0\u00a0\u00a0\u00a0\u00a0\u00a0 DEKORACJI SAL NA IMPREZY RODZINNE I FIRMOWE Z MATERIA\u0141U W\u0141ASNEGO I POWIERZONEGO,<\/strong><\/p>\n<p><strong>\u00a0\u00a0\u00a0\u00a0\u00a0\u00a0\u00a0\u00a0\u00a0\u00a0\u00a0\u00a0\u00a0\u00a0\u00a0\u00a0 SPRZEDA\u017bY PRAC R\u0118KODZIELNICZYCH WYKONANYCH PRZEZ PRACOWNIK\u00d3W GOK,<\/strong><\/p>\n<p><strong>\u00a0\u00a0\u00a0\u00a0\u00a0\u00a0\u00a0\u00a0\u00a0\u00a0\u00a0\u00a0\u00a0\u00a0\u00a0\u00a0 WYNAJMU NAG\u0141O\u015aNIENIA I O\u015aWIETLENIA SCENICZNEGO, OBS\u0141UGI TECHNICZNEJ IMPREZ.<\/strong><\/p>\n<p>&nbsp;<\/p>\n<p>&nbsp;<\/p>\n","protected":false},"excerpt":{"rendered":"<p><strong>ZAPRASZAMY DO KORZYSTANIA Z NASZYCH US\u0141UG:<\/strong><\/p>\n<p><strong>\u00a0\u00a0\u00a0\u00a0\u00a0\u00a0\u00a0\u00a0\u00a0\u00a0\u00a0\u00a0\u00a0\u00a0\u00a0\u00a0 WYNAJMU SAL NA ORGANIZACJ\u0118 SZKOLE\u0143, IMPREZ RODZINNYCH I FIRMOWYCH,<\/strong><\/p>\n<p><strong>\u00a0\u00a0\u00a0\u00a0\u00a0\u00a0\u00a0\u00a0\u00a0\u00a0\u00a0\u00a0\u00a0\u00a0\u00a0\u00a0 WYPO\u017bYCZANIA SPRZ\u0118TU PLENEROWEGO,<\/strong><\/p>\n<p><strong>\u00a0\u00a0\u00a0\u00a0\u00a0\u00a0\u00a0\u00a0\u00a0\u00a0\u00a0\u00a0\u00a0\u00a0\u00a0\u00a0 WYPO\u017bYCZANIA NACZY\u0143 KUCHENNYCH,<\/strong><\/p>\n<p><strong>\u00a0\u00a0\u00a0\u00a0\u00a0\u00a0\u00a0\u00a0\u00a0\u00a0\u00a0\u00a0\u00a0\u00a0\u00a0\u00a0 WYPO\u017bYCZANIA STROJ\u00d3W KARNAWA\u0141OWYCH DLA DZIECI I DOROS\u0141YCH,<\/strong><\/p>\n<p><strong>\u00a0\u00a0\u00a0\u00a0\u00a0\u00a0\u00a0\u00a0\u00a0\u00a0\u00a0\u00a0\u00a0\u00a0\u00a0\u00a0 WYKONYWANIA OZDOBNYCH KARTEK OKOLICZNO\u015aCIOWYCH, DYPLOM\u00d3W I PODZI\u0118KOWA\u0143,<\/strong><\/p>\n<p><strong>\u00a0\u00a0\u00a0\u00a0\u00a0\u00a0\u00a0\u00a0\u00a0\u00a0\u00a0\u00a0\u00a0\u00a0\u00a0\u00a0 DEKORACJI SAL NA IMPREZY RODZINNE I FIRMOWE Z MATERIA\u0141U W\u0141ASNEGO I POWIERZONEGO,<\/strong><\/p>\n<p><strong>\u00a0\u00a0\u00a0\u00a0\u00a0\u00a0\u00a0\u00a0\u00a0\u00a0\u00a0\u00a0\u00a0\u00a0\u00a0\u00a0 SPRZEDA\u017bY PRAC R\u0118KODZIELNICZYCH WYKONANYCH PRZEZ PRACOWNIK\u00d3W GOK,<\/strong><\/p>\n<p><strong>\u00a0\u00a0\u00a0\u00a0\u00a0\u00a0\u00a0\u00a0\u00a0\u00a0\u00a0\u00a0\u00a0\u00a0\u00a0\u00a0 WYNAJMU NAG\u0141O\u015aNIENIA I O\u015aWIETLENIA SCENICZNEGO, OBS\u0141UGI TECHNICZNEJ IMPREZ.<\/strong><\/p>\n<p>&nbsp;<\/p>\n<p> [&#8230;]<\/p>\n","protected":false},"author":1,"featured_media":0,"parent":0,"menu_order":0,"comment_status":"closed","ping_status":"closed","template":"","meta":{"footnotes":""},"_links":{"self":[{"href":"https:\/\/kultura.koczala.pl\/gok\/wp-json\/wp\/v2\/pages\/12"}],"collection":[{"href":"https:\/\/kultura.koczala.pl\/gok\/wp-json\/wp\/v2\/pages"}],"about":[{"href":"https:\/\/kultura.koczala.pl\/gok\/wp-json\/wp\/v2\/types\/page"}],"author":[{"embeddable":true,"href":"https:\/\/kultura.koczala.pl\/gok\/wp-json\/wp\/v2\/users\/1"}],"replies":[{"embeddable":true,"href":"https:\/\/kultura.koczala.pl\/gok\/wp-json\/wp\/v2\/comments?post=12"}],"version-history":[{"count":3,"href":"https:\/\/kultura.koczala.pl\/gok\/wp-json\/wp\/v2\/pages\/12\/revisions"}],"predecessor-version":[{"id":239,"href":"https:\/\/kultura.koczala.pl\/gok\/wp-json\/wp\/v2\/pages\/12\/revisions\/239"}],"wp:attachment":[{"href":"https:\/\/kultura.koczala.pl\/gok\/wp-json\/wp\/v2\/media?parent=12"}],"curies":[{"name":"wp","href":"https:\/\/api.w.org\/{rel}","templated":true}]}}