{"id":8,"date":"2018-10-26T09:40:11","date_gmt":"2018-10-26T07:40:11","guid":{"rendered":"https:\/\/kultura.koczala.pl\/biblioteka\/?page_id=8"},"modified":"2021-04-29T12:11:04","modified_gmt":"2021-04-29T10:11:04","slug":"zbiory-i-uslugi","status":"publish","type":"page","link":"https:\/\/kultura.koczala.pl\/biblioteka\/zbiory-i-uslugi\/","title":{"rendered":"Zbiory i us\u0142ugi"},"content":{"rendered":"<h4><span style=\"color: #ff6600\">Us\u0142ugi<\/span><\/h4>\n<p>Zapraszamy do skorzystania z oferty us\u0142ug \u015bwiadczonych przez nasz\u0105 plac\u00f3wk\u0119:<\/p>\n<ul>\n<li>Bezp\u0142atne korzystanie z komputera i Internetu wraz z pomoc\u0105 bibliotekarza w obs\u0142udze<\/li>\n<li>Ksero i wydruk wg cennika:\n<ul>\n<li>Wydruk czarno-bia\u0142e A4:\u00a0 <span style=\"color: #7d7d7d\"><strong>0,50<\/strong> <strong>z\u0142<\/strong><\/span><\/li>\n<li>Wydruk czarno-bia\u0142e A3:\u00a0<span style=\"color: #7d7d7d\"> <strong>1,00<\/strong> <strong>z\u0142<\/strong><\/span><\/li>\n<li>Wydruk kolorowe (tekst) A4:\u00a0<span style=\"color: #7d7d7d\"> <strong>0,60 z\u0142<\/strong><\/span><\/li>\n<li>Wydruk kolorowe (tekst) A3:\u00a0 <span style=\"color: #7d7d7d\"><strong>1,00 z\u0142<\/strong><\/span><\/li>\n<li>Wydruk kolorowe (grafika) A4:\u00a0<span style=\"color: #7d7d7d\"><strong> 1,50 z\u0142<\/strong><\/span><\/li>\n<li>Wydruk kolorowe (grafika) A3:\u00a0<span style=\"color: #7d7d7d\"> <strong>3,00 z\u0142<\/strong><\/span><\/li>\n<li>Wydruk czarno-bia\u0142e (grafika) A4:\u00a0<span style=\"color: #7d7d7d\"> <strong>0,80 z\u0142<\/strong><\/span><\/li>\n<li>Wydruk czarno-bia\u0142e (grafika) A3:\u00a0 <span style=\"color: #7d7d7d\"><strong>2,00 z\u0142<\/strong><\/span><\/li>\n<li>Ksero czarno-bia\u0142e A4:\u00a0 <span style=\"color: #7d7d7d\"><strong>0,50 z\u0142<\/strong><\/span><\/li>\n<li>Ksero kolorowe (tekst) A4:\u00a0 <span style=\"color: #7d7d7d\"><strong>0,60 z\u0142<\/strong><\/span><\/li>\n<li>Ksero kolorowe (grafika) A4:\u00a0<span style=\"color: #7d7d7d\"><strong> 1,50 z\u0142<\/strong><\/span><\/li>\n<li>Skanowanie:\u00a0 <span style=\"color: #7d7d7d\"><strong>0,50 z\u0142<\/strong><\/span><\/li>\n<\/ul>\n<\/li>\n<\/ul>\n<h4><span style=\"color: #ff6600\">Zbiory<\/span><\/h4>\n<p>U nas wypo\u017cyczysz:<\/p>\n<ul>\n<li>Ksi\u0105\u017cki<\/li>\n<li>Czasopisma<\/li>\n<li>Audiobooki<\/li>\n<\/ul>\n<p>W naszym katalogu znajduje si\u0119 niemal 14000 wolumin\u00f3w.<\/p>\n<p>Bie\u017c\u0105co dost\u0119pne tytu\u0142y czasopism:<\/p>\n<ul>\n<li>Przyjaci\u00f3\u0142ka<\/li>\n<li>Dzia\u0142kowiec<\/li>\n<li>Pomorskie Wie\u015bci Rolnicze<\/li>\n<li>Chidusz<\/li>\n<li>Gazeta Miastecka<\/li>\n<\/ul>\n<p>Sponsor bezp\u0142atnej prenumeraty magazynu \u201eCHIDUSZ\u201d dla biblioteki:<\/p>\n<p><a href=\"https:\/\/www.pitax.pl\/\"><img loading=\"lazy\" decoding=\"async\" class=\"alignnone size-full wp-image-72\" src=\"https:\/\/kultura.koczala.pl\/biblioteka\/wp-content\/uploads\/sites\/3\/2019\/04\/pitax_logo_center-violet-160x160.jpg\" alt=\"\" width=\"160\" height=\"160\" srcset=\"https:\/\/kultura.koczala.pl\/biblioteka\/wp-content\/uploads\/sites\/3\/2019\/04\/pitax_logo_center-violet-160x160.jpg 160w, https:\/\/kultura.koczala.pl\/biblioteka\/wp-content\/uploads\/sites\/3\/2019\/04\/pitax_logo_center-violet-160x160-150x150.jpg 150w\" sizes=\"(max-width: 160px) 100vw, 160px\" \/><\/a><\/p>\n","protected":false},"excerpt":{"rendered":"<p>Us\u0142ugi <\/p>\n<p>Zapraszamy do skorzystania z oferty us\u0142ug \u015bwiadczonych przez nasz\u0105 plac\u00f3wk\u0119:<\/p>\n<ul>\n<li>Bezp\u0142atne korzystanie z komputera i Internetu wraz z pomoc\u0105 bibliotekarza w obs\u0142udze<\/li>\n<li>Ksero i wydruk wg cennika:\n<ul>\n<li>Wydruk czarno-bia\u0142e A4:\u00a0 <strong>0,50<\/strong> <strong>z\u0142<\/strong><\/li>\n<li>Wydruk czarno-bia\u0142e A3:\u00a0 <strong>1,00<\/strong> <strong>z\u0142<\/strong><\/li>\n<li>Wydruk kolorowe (tekst) A4:\u00a0 <strong>0,60 z\u0142<\/strong><\/li>\n<li>Wydruk kolorowe (tekst) A3:\u00a0 <strong>1,00 z\u0142<\/strong><\/li>\n<li>Wydruk kolorowe (grafika) A4:\u00a0<strong> 1,50 z\u0142<\/strong><\/li>\n<li>Wydruk kolorowe (grafika) A3:\u00a0 <strong>3,00 z\u0142<\/strong><\/li>\n<li>Wydruk czarno-bia\u0142e (grafika) A4:\u00a0 <strong>0,80 z\u0142<\/strong><\/li>\n<li>Wydruk [&#8230;]<br \/>\n","protected":false},"author":1,"featured_media":0,"parent":0,"menu_order":0,"comment_status":"closed","ping_status":"closed","template":"","meta":{"footnotes":""},"_links":{"self":[{"href":"https:\/\/kultura.koczala.pl\/biblioteka\/wp-json\/wp\/v2\/pages\/8"}],"collection":[{"href":"https:\/\/kultura.koczala.pl\/biblioteka\/wp-json\/wp\/v2\/pages"}],"about":[{"href":"https:\/\/kultura.koczala.pl\/biblioteka\/wp-json\/wp\/v2\/types\/page"}],"author":[{"embeddable":true,"href":"https:\/\/kultura.koczala.pl\/biblioteka\/wp-json\/wp\/v2\/users\/1"}],"replies":[{"embeddable":true,"href":"https:\/\/kultura.koczala.pl\/biblioteka\/wp-json\/wp\/v2\/comments?post=8"}],"version-history":[{"count":8,"href":"https:\/\/kultura.koczala.pl\/biblioteka\/wp-json\/wp\/v2\/pages\/8\/revisions"}],"predecessor-version":[{"id":294,"href":"https:\/\/kultura.koczala.pl\/biblioteka\/wp-json\/wp\/v2\/pages\/8\/revisions\/294"}],"wp:attachment":[{"href":"https:\/\/kultura.koczala.pl\/biblioteka\/wp-json\/wp\/v2\/media?parent=8"}],"curies":[{"name":"wp","href":"https:\/\/api.w.org\/{rel}","templated":true}]}}