{"id":6,"date":"2018-10-26T09:39:57","date_gmt":"2018-10-26T07:39:57","guid":{"rendered":"https:\/\/kultura.koczala.pl\/biblioteka\/?page_id=6"},"modified":"2025-03-22T15:02:00","modified_gmt":"2025-03-22T14:02:00","slug":"o-nas","status":"publish","type":"page","link":"https:\/\/kultura.koczala.pl\/biblioteka\/o-nas\/","title":{"rendered":"O nas"},"content":{"rendered":"<p><strong>Godziny otwarcia<\/strong><\/p>\n<p><strong>Gminna Biblioteka Publiczna w Koczale<\/strong><\/p>\n<p>od wtorku do soboty: 8:00- 16:00<\/p>\n<p><strong>Czytelnia Komputerowa \u201eWiedza\u201d w Bielsku<\/strong><\/p>\n<p>\u015broda od godz. 15:00-18:00<br \/>\npi\u0105tek od godz. 15:00-18:00<\/p>\n<p>UWAGA! O zmianach w godzinach otwarcia b\u0119dziemy informowa\u0107 za po\u015brednictwem portalu spo\u0142eczno\u015bciowego <a href=\"http:\/\/www.facebook.com\/GBPwKoczale\">Facebook<\/a>.<\/p>\n<p><strong>Gminna Biblioteka Publiczna w Koczale<\/strong> ma swoje pocz\u0105tki w roku 1948, kiedy to Leokadia Wadowska z ksi\u0119gozbiorem licz\u0105cym zaledwie 130 wolumin\u00f3w, utworzy\u0142a w Koczale Bibliotek\u0119 w mieszkaniu prywatnym. Od czasu tej lokalnej inicjatywy wielokrotnie zmieniali\u015bmy siedzib\u0119, stale podnosz\u0105c standard wyposa\u017cenia, a nasz ksi\u0119gozbi\u00f3r ur\u00f3s\u0142 do niemal 14000.<\/p>\n<p><strong>Biblioteka Kocza\u0142a<\/strong> posiada tak\u017ce Czytelni\u0119 Komputerow\u0105 \u201eWiedza\u201d w Bielsku dzia\u0142aj\u0105c\u0105 jako punkt biblioteczny dwa dni w tygodniu. Naszymi najwi\u0119kszymi atutami jest dba\u0142o\u015b\u0107 o potrzeby czytelnika oraz m\u0142ody, ale pe\u0142en nowych pomys\u0142\u00f3w zesp\u00f3\u0142. Organizujemy zaj\u0119cia dla dzieci, m\u0142odzie\u017cy i os\u00f3b doros\u0142ych, w szczeg\u00f3lno\u015bci senior\u00f3w. Stale pomagamy odwiedzaj\u0105cym przy stanowiskach komputerowych. Przychodz\u0105ce do nas dzieci mog\u0105 nie tylko pogra\u0107 w gry komputerowe, ale tak\u017ce skorzysta\u0107 z k\u0105cika z materia\u0142ami plastycznymi i grami planszowymi.<\/p>\n<p>Najbardziej kochamy ksi\u0105\u017cki i ludzi, kt\u00f3rzy je kochaj\u0105.<\/p>\n<p><strong>Biblioteka w Koczale<\/strong><\/p>\n","protected":false},"excerpt":{"rendered":"<p><strong>Godziny otwarcia<\/strong><\/p>\n<p><strong>Gminna Biblioteka Publiczna w Koczale<\/strong><\/p>\n<p>od wtorku do soboty: 8:00- 16:00<\/p>\n<p><strong>Czytelnia Komputerowa \u201eWiedza\u201d w Bielsku<\/strong><\/p>\n<p>\u015broda od godz. 15:00-18:00 pi\u0105tek od godz. 15:00-18:00<\/p>\n<p>UWAGA! O zmianach w godzinach otwarcia b\u0119dziemy informowa\u0107 za po\u015brednictwem portalu spo\u0142eczno\u015bciowego <a href=\"http:\/\/www.facebook.com\/GBPwKoczale\">Facebook<\/a>.<\/p>\n<p><strong>Gminna Biblioteka Publiczna w Koczale<\/strong> ma swoje pocz\u0105tki w roku 1948, kiedy to Leokadia Wadowska z ksi\u0119gozbiorem licz\u0105cym zaledwie 130 wolumin\u00f3w, utworzy\u0142a w Koczale Bibliotek\u0119 w mieszkaniu prywatnym. Od czasu tej [&#8230;]<\/p>\n","protected":false},"author":1,"featured_media":0,"parent":0,"menu_order":0,"comment_status":"closed","ping_status":"closed","template":"","meta":{"footnotes":""},"_links":{"self":[{"href":"https:\/\/kultura.koczala.pl\/biblioteka\/wp-json\/wp\/v2\/pages\/6"}],"collection":[{"href":"https:\/\/kultura.koczala.pl\/biblioteka\/wp-json\/wp\/v2\/pages"}],"about":[{"href":"https:\/\/kultura.koczala.pl\/biblioteka\/wp-json\/wp\/v2\/types\/page"}],"author":[{"embeddable":true,"href":"https:\/\/kultura.koczala.pl\/biblioteka\/wp-json\/wp\/v2\/users\/1"}],"replies":[{"embeddable":true,"href":"https:\/\/kultura.koczala.pl\/biblioteka\/wp-json\/wp\/v2\/comments?post=6"}],"version-history":[{"count":9,"href":"https:\/\/kultura.koczala.pl\/biblioteka\/wp-json\/wp\/v2\/pages\/6\/revisions"}],"predecessor-version":[{"id":530,"href":"https:\/\/kultura.koczala.pl\/biblioteka\/wp-json\/wp\/v2\/pages\/6\/revisions\/530"}],"wp:attachment":[{"href":"https:\/\/kultura.koczala.pl\/biblioteka\/wp-json\/wp\/v2\/media?parent=6"}],"curies":[{"name":"wp","href":"https:\/\/api.w.org\/{rel}","templated":true}]}}