{"id":207,"date":"2020-09-25T11:16:43","date_gmt":"2020-09-25T09:16:43","guid":{"rendered":"https:\/\/kultura.koczala.pl\/biblioteka\/?page_id=207"},"modified":"2025-03-22T15:08:35","modified_gmt":"2025-03-22T14:08:35","slug":"deklaracja-dostepnosci","status":"publish","type":"page","link":"https:\/\/kultura.koczala.pl\/biblioteka\/deklaracja-dostepnosci\/","title":{"rendered":"Deklaracja dost\u0119pno\u015bci"},"content":{"rendered":"\n<h1 class=\"wp-block-heading\" id=\"a11y-deklaracja\"><strong>Deklaracja dost\u0119pno\u015bci Strona internetowa Gminnej Biblioteki Publicznej w Koczale<\/strong><\/h1>\n\n\n\n<p>Gminna Biblioteka Publiczna w Koczale&nbsp;zobowi\u0105zuje si\u0119 zapewni\u0107 dost\u0119pno\u015b\u0107 swojej strony internetowej zgodnie z przepisami ustawy z dnia 4&nbsp;kwietnia 2019&nbsp;r. o&nbsp;dost\u0119pno\u015bci cyfrowej stron internetowych i&nbsp;aplikacji mobilnych podmiot\u00f3w publicznych. O\u015bwiadczenie w sprawie dost\u0119pno\u015bci ma zastosowanie do strony internetowej&nbsp;<a href=\"https:\/\/kultura.koczala.pl\/biblioteka\">Strona internetowa Gminnej Biblioteki Publicznej w Koczale<\/a><\/p>\n\n\n\n<ul>\n<li>Data publikacji strony internetowej:\u00a02020-04-15<\/li>\n\n\n\n<li>Data ostatniej istotnej aktualizacji:\u00a02020-09-18<\/li>\n<\/ul>\n\n\n\n<h2 class=\"wp-block-heading\"><strong>Status pod wzgl\u0119dem zgodno\u015bci z ustaw\u0105<\/strong><\/h2>\n\n\n\n<p>Strona internetowa jest&nbsp;<strong>cz\u0119\u015bciowo zgodna<\/strong>&nbsp;z&nbsp;ustaw\u0105 o&nbsp;dost\u0119pno\u015bci cyfrowej stron internetowych i&nbsp;aplikacji mobilnych podmiot\u00f3w publicznych z&nbsp;powodu niezgodno\u015bci lub wy\u0142\u0105cze\u0144 wymienionych poni\u017cej.<\/p>\n\n\n\n<h3 class=\"wp-block-heading\"><strong>Tre\u015bci niedost\u0119pne<\/strong><\/h3>\n\n\n\n<ul>\n<li>Cz\u0119\u015b\u0107 materia\u0142\u00f3w publikowanych nie spe\u0142nia wymaga\u0144 dost\u0119pno\u015bci, z uwagi na to, \u017ce zosta\u0142y opublikowane przed wej\u015bciem w \u017cycie ustawy o dost\u0119pno\u015bci cyfrowej<\/li>\n\n\n\n<li>Zamieszczone na stronie informacje publiczne, w postaci za\u0142\u0105cznik\u00f3w s\u0105 w formie skan\u00f3w (z uwagi na charakter informacji publicznej)<\/li>\n\n\n\n<li>Zamieszczone na stronie zdj\u0119cia nie posiadaj\u0105 alternatywnego opisu<\/li>\n<\/ul>\n\n\n\n<h3 class=\"wp-block-heading\"><strong>Przygotowanie deklaracji w sprawie dost\u0119pno\u015bci<\/strong><\/h3>\n\n\n\n<ul>\n<li>Deklaracj\u0119 sporz\u0105dzono dnia:\u00a02020-09-18<\/li>\n\n\n\n<li>Deklaracj\u0119 zosta\u0142a ostatnio poddana przegl\u0105dowi i aktualizacji dnia:\u00a02020-09-18<\/li>\n<\/ul>\n\n\n\n<p>Deklaracj\u0119 sporz\u0105dzono na podstawie samooceny.<\/p>\n\n\n\n<h2 class=\"wp-block-heading\" id=\"a11y-kontakt\"><strong>Informacje zwrotne i dane kontaktowe<\/strong><\/h2>\n\n\n\n<ul>\n<li>Za rozpatrywanie uwag i wniosk\u00f3w odpowiada:\u00a0Alicja Jankiewicz<\/li>\n\n\n\n<li>E-mail:\u00a0biblioteka@koczala.pl<\/li>\n\n\n\n<li>Telefon:\u00a059 8574 348<\/li>\n<\/ul>\n\n\n\n<p>Ka\u017cdy ma prawo:<\/p>\n\n\n\n<ul>\n<li>zg\u0142osi\u0107 uwagi dotycz\u0105ce dost\u0119pno\u015bci cyfrowej strony lub jej elementu,<\/li>\n\n\n\n<li>zg\u0142osi\u0107 \u017c\u0105danie zapewnienia dost\u0119pno\u015bci cyfrowej strony lub jej elementu,<\/li>\n\n\n\n<li>wnioskowa\u0107 o udost\u0119pnienie niedost\u0119pnej informacji w innej alternatywnej formie.<\/li>\n<\/ul>\n\n\n\n<p>\u017b\u0105danie musi zawiera\u0107:<\/p>\n\n\n\n<ul>\n<li>dane kontaktowe osoby zg\u0142aszaj\u0105cej,<\/li>\n\n\n\n<li>wskazanie strony lub elementu strony, kt\u00f3rej dotyczy \u017c\u0105danie,<\/li>\n\n\n\n<li>wskazanie dogodnej formy udost\u0119pnienia informacji, je\u015bli \u017c\u0105danie dotyczy udost\u0119pnienia w formie alternatywnej informacji niedost\u0119pnej.<\/li>\n<\/ul>\n\n\n\n<p>Rozpatrzenie zg\u0142oszenia powinno nast\u0105pi\u0107 niezw\u0142ocznie, najp\u00f3\u017aniej w ci\u0105gu 7 dni. Je\u015bli w tym terminie zapewnienie dost\u0119pno\u015bci albo zapewnienie dost\u0119pu w alternatywnej formie nie jest mo\u017cliwe, powinno nast\u0105pi\u0107 najdalej w ci\u0105gu 2 miesi\u0119cy od daty zg\u0142oszenia.<\/p>\n\n\n\n<h3 class=\"wp-block-heading\"><strong>Skargi i odwo\u0142ania<\/strong><\/h3>\n\n\n\n<p>Na niedotrzymanie tych termin\u00f3w oraz na odmow\u0119 realizacji \u017c\u0105dania mo\u017cna z\u0142o\u017cy\u0107 skarg\u0119 do organu nadzoruj\u0105cego poczt\u0105 lub drog\u0105 elektroniczn\u0105 na adres:<\/p>\n\n\n\n<ul>\n<li>Organ nadzoruj\u0105cy: Gminna Biblioteka Publiczna w Koczale<\/li>\n\n\n\n<li>Adres: Zielona 2<br>77-220 Kocza\u0142a<\/li>\n\n\n\n<li>E-mail: biblioteka@koczala.pl<\/li>\n\n\n\n<li>Telefon: 598574348<\/li>\n<\/ul>\n\n\n\n<p>Skarg\u0119 mo\u017cna z\u0142o\u017cy\u0107 r\u00f3wnie\u017c do&nbsp;<a href=\"https:\/\/www.rpo.gov.pl\/content\/jak-zglosic-sie-do-rzecznika-praw-obywatelskich\">Rzecznika Praw Obywatelskich<\/a>.<\/p>\n\n\n\n<h2 class=\"wp-block-heading\" id=\"a11y-architektura\"><strong>Dost\u0119pno\u015b\u0107 architektoniczna<\/strong><\/h2>\n\n\n\n<p>Gminna Biblioteka Publiczna w Koczale, \u00a0ul. Zielona 2, 77-220 Kocza\u0142a. GBP zajmuje pomieszczenia na parterze budynku, do kt\u00f3rego prowadzi jedno wej\u015bcie z poziomu ulicy, dostosowane do poruszania si\u0119 os\u00f3b niepe\u0142nosprawnych lub starszych. Nie ma schod\u00f3w, p\u0119tli indukcyjnych ani windy, w budynku nie ma oznacze\u0144 w alfabecie brajla ani oznacze\u0144 kontrastowych lub w druku powi\u0119kszonym dla os\u00f3b niewidomych i s\u0142abowidz\u0105cych. Nie mo\u017cna skorzysta\u0107 z t\u0142umacza polskiego j\u0119zyka migowego (PJM) online. Dla os\u00f3b na w\u00f3zkach dost\u0119pne s\u0105 pomieszczenia na parterze z wy\u0142\u0105czeniem magazynu w piwnicy. Obok budynku znajduje si\u0119 og\u00f3lnodost\u0119pny parking. Osoby korzystaj\u0105ce z ps\u00f3w asystuj\u0105cych mog\u0105 z nimi wchodzi\u0107 do GBP w Koczale.<\/p>\n","protected":false},"excerpt":{"rendered":"<p><strong>Deklaracja dost\u0119pno\u015bci Strona internetowa Gminnej Biblioteki Publicznej w Koczale<\/strong> <\/p>\n<p>Gminna Biblioteka Publiczna w Koczale&nbsp;zobowi\u0105zuje si\u0119 zapewni\u0107 dost\u0119pno\u015b\u0107 swojej strony internetowej zgodnie z przepisami ustawy z dnia 4&nbsp;kwietnia 2019&nbsp;r. o&nbsp;dost\u0119pno\u015bci cyfrowej stron internetowych i&nbsp;aplikacji mobilnych podmiot\u00f3w publicznych. O\u015bwiadczenie w sprawie dost\u0119pno\u015bci ma zastosowanie do strony internetowej&nbsp;<a href=\"https:\/\/kultura.koczala.pl\/biblioteka\">Strona internetowa Gminnej Biblioteki Publicznej w Koczale<\/a><\/p>\n<ul>\n<li>Data publikacji strony internetowej:\u00a02020-04-15<\/li>\n<li>Data ostatniej istotnej aktualizacji:\u00a02020-09-18<\/li>\n<\/ul>\n<p> <strong>Status pod wzgl\u0119dem zgodno\u015bci z ustaw\u0105<\/strong> <\/p>\n<p>Strona internetowa jest&nbsp;<strong>cz\u0119\u015bciowo [&#8230;]<\/p>\n","protected":false},"author":2,"featured_media":0,"parent":0,"menu_order":0,"comment_status":"closed","ping_status":"closed","template":"","meta":{"footnotes":""},"_links":{"self":[{"href":"https:\/\/kultura.koczala.pl\/biblioteka\/wp-json\/wp\/v2\/pages\/207"}],"collection":[{"href":"https:\/\/kultura.koczala.pl\/biblioteka\/wp-json\/wp\/v2\/pages"}],"about":[{"href":"https:\/\/kultura.koczala.pl\/biblioteka\/wp-json\/wp\/v2\/types\/page"}],"author":[{"embeddable":true,"href":"https:\/\/kultura.koczala.pl\/biblioteka\/wp-json\/wp\/v2\/users\/2"}],"replies":[{"embeddable":true,"href":"https:\/\/kultura.koczala.pl\/biblioteka\/wp-json\/wp\/v2\/comments?post=207"}],"version-history":[{"count":4,"href":"https:\/\/kultura.koczala.pl\/biblioteka\/wp-json\/wp\/v2\/pages\/207\/revisions"}],"predecessor-version":[{"id":531,"href":"https:\/\/kultura.koczala.pl\/biblioteka\/wp-json\/wp\/v2\/pages\/207\/revisions\/531"}],"wp:attachment":[{"href":"https:\/\/kultura.koczala.pl\/biblioteka\/wp-json\/wp\/v2\/media?parent=207"}],"curies":[{"name":"wp","href":"https:\/\/api.w.org\/{rel}","templated":true}]}}