{"id":10,"date":"2018-10-26T09:40:20","date_gmt":"2018-10-26T07:40:20","guid":{"rendered":"https:\/\/kultura.koczala.pl\/biblioteka\/?page_id=10"},"modified":"2020-06-18T11:02:18","modified_gmt":"2020-06-18T09:02:18","slug":"abc-czytelnika","status":"publish","type":"page","link":"https:\/\/kultura.koczala.pl\/biblioteka\/abc-czytelnika\/","title":{"rendered":"ABC Czytelnika"},"content":{"rendered":"<p><strong>REGULAMIN WYPO\u017bYCZALNI GMINNEJ BIBLIOTEKI PUBLICZNEJ W KOCZALE<\/strong><\/p>\n<p style=\"text-align: center\">\u00a71<\/p>\n<ol>\n<li>Z wypo\u017cyczalni mog\u0105 korzysta\u0107 wszyscy Obywatele.<\/li>\n<li>Korzystanie z wypo\u017cyczalni jest bezp\u0142atne.<\/li>\n<li>Przy zapisie zg\u0142aszaj\u0105cy si\u0119 powinien:<\/li>\n<\/ol>\n<p>a\\ okaza\u0107 dow\u00f3d osobisty<\/p>\n<p>b\\ wype\u0142ni\u0107 kart\u0119 zapisu i zobowi\u0105za\u0107 si\u0119 podpisem do przestrzegania regulaminu.<\/p>\n<ol start=\"4\">\n<li>Za czytelnika do lat 16 odpowiadaj\u0105 i podpisuj\u0105 zobowi\u0105zanie rodzice lub opiekunowie prawni.<\/li>\n<li>Czytelnik zobowi\u0105zany jest informowa\u0107 bibliotek\u0119 o zmianie miejsca zamieszkania , miejsca pracy lub szko\u0142y.<\/li>\n<li>W czasie , gdy w domu czytelnika panuje choroba zaka\u017ana nie mo\u017ce on korzysta\u0107 z wypo\u017cyczalni.<\/li>\n<li>CZYTELNIK PRZYCHODZ\u0104CY DO WYPO\u017bYCZALNI ZOSTAWIA WIERZCHNIE OKRYCIE I TECZK\u0118 LUB TORB\u0118 W KORYTARZU.<\/li>\n<\/ol>\n<p style=\"text-align: center\">\u00a72<\/p>\n<ol>\n<li>Gminna Biblioteka Publiczna w Koczale, przy ul. Zielonej 2, jako administrator danych informuje, \u017ce Pani\/a dane b\u0119d\u0105 przetwarzane w celach statystycznych oraz w sprawach zwi\u0105zanych ze zwrotem wypo\u017cyczonych przeze mnie ksi\u0105\u017cek. Przys\u0142uguje Pani\/u prawo dost\u0119pu, aktualizacji, ograniczenia przetwarzania, przenoszenia swoich danych oraz wniesienia sprzeciwu na dalsze ich przetwarzanie. W sprawach spornych przys\u0142uguje Pani\/u prawo wniesienia skarg do organu nadzorczego. Podanie danych jest dobrowolne i odbywa si\u0119 na podstawie Ustawy z 27 czerwca 1997 r. o bibliotekach oraz Ustawy z dnia 29 czerwca 1995 r. o statystycznej publicznej. Dane b\u0119d\u0105 przetwarzane przez okres 10 lat. Dane nie b\u0119d\u0105 udost\u0119pniane innym podmiotom, w tym nie b\u0119d\u0105 transferowane do pa\u0144stw trzecich oraz organizacji mi\u0119dzynarodowych. Wyja\u015bnie\u0144 w sprawach zwi\u0105zanych z danymi osobowymi udziela Inspektor Danych Osobowych.<\/li>\n<\/ol>\n<p style=\"text-align: center\">\u00a73<\/p>\n<ol>\n<li>WYPO\u017bYCZA\u0106 MO\u017bNA JEDNORAZOWO 5 KSI\u0104\u017bEK.<\/li>\n<li>KSI\u0104\u017bKI WYPO\u017bYCZA SI\u0118 \u00a0NA OKRES NIE D\u0141U\u017bSZY NI\u017b 30 DNI.<\/li>\n<li>Biblioteka mo\u017ce przesun\u0105\u0107 termin zwrotu wypo\u017cyczonej ksi\u0105\u017cki, je\u017celi nie ma na ni\u0105 zapotrzebowania ze strony innych czytelnik\u00f3w.<\/li>\n<li>Biblioteka mo\u017ce \u017c\u0105da\u0107 zwrotu ksi\u0105\u017cek przed terminem ustalonym w pkt. 2 i 3 , je\u017celi stanowi\u0105 one szczeg\u00f3lnie poszukiwane pozycje.<\/li>\n<li>Na pro\u015bb\u0119 czytelnika biblioteka mo\u017ce rezerwowa\u0107 ksi\u0105\u017cki aktualnie wypo\u017cyczone przez innych czytelnik\u00f3w.<\/li>\n<li>W razie braku ksi\u0105\u017cki , czytelnik mo\u017ce otrzyma\u0107 informacj\u0119, w kt\u00f3rej z najbli\u017cszych bibliotek mo\u017ce znajdowa\u0107 si\u0119 poszukiwana przez niego ksi\u0105\u017cka . Na pro\u015bb\u0119 czytelnika biblioteka sprowadza w miar\u0119 mo\u017cliwo\u015bci ksi\u0105\u017cki z innych bibliotek.<\/li>\n<li>Z ksi\u0119gozbioru podr\u0119cznego wypo\u017cyczalni korzysta si\u0119 tylko na miejscu.<\/li>\n<li>Dzieci do lat 15 mog\u0105 wypo\u017cycza\u0107 ksi\u0105\u017cki dla czytelnik\u00f3w doros\u0142ych tylko za zgod\u0105 rodzic\u00f3w lub opiekun\u00f3w.<\/li>\n<li>Wybrane ksi\u0105\u017cki czytelnik rejestruje u dy\u017curuj\u0105cego bibliotekarza. Jemu zwraca wypo\u017cyczone ksi\u0105\u017cki .<\/li>\n<\/ol>\n<p style=\"text-align: center\">\u00a74<\/p>\n<ol>\n<li>Biblioteka na pro\u015bb\u0119 czytelnika udziela informacji o ksi\u0105\u017ckach, pomaga w doborze literatury, korzystaniu z katalog\u00f3w, wydawnictw informacyjnych\u00a0 itp.<\/li>\n<\/ol>\n<p style=\"text-align: center\">\u00a75<\/p>\n<ol>\n<li>Czytelnik jest zobowi\u0105zany do poszanowania ksi\u0105\u017cek b\u0119d\u0105cych w\u0142asno\u015bci\u0105 spo\u0142eczn\u0105 , powinien te\u017c zwr\u00f3ci\u0107 uwag\u0119 na stan ksi\u0105\u017cki przed jej wypo\u017cyczeniem. Zauwa\u017cone uszkodzenia nale\u017cy zg\u0142osi\u0107 bibliotekarzowi.<\/li>\n<li>ZA SZKODY WYNIK\u0141E Z ZAGUBIENIA , USZKODZENIA LUB ZNISZCZENIA KSI\u0104\u017bKI ODPOWIADA CZYTELNIK.<\/li>\n<\/ol>\n<p>W przypadku zagubienia lub zniszczenia ksi\u0105\u017cki czytelnik jest zobowi\u0105zany j\u0105 odkupi\u0107 lub za zgod\u0105 bibliotekarza dostarczy\u0107 inn\u0105 ksi\u0105\u017ck\u0119 nie mniejszej warto\u015bci , przydatn\u0105 dla biblioteki.<\/p>\n<p style=\"text-align: center\">\u00a76<\/p>\n<ol>\n<li>ZA PRZETRZYMYWANIE KSI\u0104\u017bEK ponad ustalony termin biblioteka pobiera op\u0142aty w kwocie 0,20 z\u0142 od woluminu za ka\u017cdy rozpocz\u0119ty tydzie\u0144 po terminie. W \u00a0uzasadnionych przypadkach, dyrektor\u00a0 mo\u017ce zmniejszy\u0107 wysoko\u015b\u0107 kary lub odst\u0105pi\u0107 od jej stosowania..Za \u00a0ka\u017cde upomnienie biblioteka pobiera op\u0142at\u0119 zgodn\u0105 z kosztem jego wys\u0142ania.<\/li>\n<li>Je\u017celi czytelnik mimo upomnie\u0144 wysy\u0142anych przez bibliotek\u0119 odmawia zwrotu ksi\u0105\u017cki lub uiszczenia nale\u017cnych op\u0142at, biblioteka dochodzi swych roszcze\u0144 droga prawn\u0105.<\/li>\n<li>Biblioteka mo\u017ce poda\u0107 do publicznej wiadomo\u015bci nazwiska os\u00f3b z\u0142o\u015bliwie uchylaj\u0105cych si\u0119 od zwrotu ksi\u0105\u017cek.<\/li>\n<\/ol>\n<p style=\"text-align: center\">\u00a77<\/p>\n<p>Skargi i wnioski Czytelnicy mog\u0105 zg\u0142asza\u0107 do dyrektora biblioteki<\/p>\n<p style=\"text-align: center\">\u00a78<\/p>\n<p>Czytelnik nie stosuj\u0105cy si\u0119 do przepis\u00f3w niniejszego regulaminu mo\u017ce by\u0107 czasowo, a w szczeg\u00f3lnie drastycznych przypadkach na sta\u0142e , pozbawiony prawa do korzystania z wypo\u017cyczalni. Decyzj\u0119 w tej sprawie podejmuje dyrektor biblioteki.<\/p>\n<p>Czytelnikowi przys\u0142uguje prawo odwo\u0142ania si\u0119 do Rady Gminy w\u00a0Koczale.<\/p>\n<p>POSTANOWIENIA KO\u0143COWE<\/p>\n<p>Zmiany w niniejszym Regulaminie podawane s\u0105 Czytelnikom do wiadomo\u015bci przez ich umieszczenie na w wypo\u017cyczalni. Po up\u0142ywie 60 dni od podania informacji o zmianach uwa\u017ca si\u0119, \u017ce Czytelnik przyj\u0105\u0142 je do wiadomo\u015bci.<\/p>\n<p>Kocza\u0142a, 25.05.2018 r.<\/p>\n<hr \/>\n<p><a href=\"https:\/\/kultura.koczala.pl\/biblioteka\/wp-content\/uploads\/sites\/3\/2019\/09\/KLAUZULA-INFORMACYJNA-KOCZA\u0141A-GBP.pdf\">KLAUZULA INFORMACYJNA<\/a><\/p>\n","protected":false},"excerpt":{"rendered":"<p><strong>REGULAMIN WYPO\u017bYCZALNI GMINNEJ BIBLIOTEKI PUBLICZNEJ W KOCZALE<\/strong><\/p>\n<p style=\"text-align: center\">\u00a71<\/p>\n<ol>\n<li>Z wypo\u017cyczalni mog\u0105 korzysta\u0107 wszyscy Obywatele.<\/li>\n<li>Korzystanie z wypo\u017cyczalni jest bezp\u0142atne.<\/li>\n<li>Przy zapisie zg\u0142aszaj\u0105cy si\u0119 powinien:<\/li>\n<\/ol>\n<p>a\\ okaza\u0107 dow\u00f3d osobisty<\/p>\n<p>b\\ wype\u0142ni\u0107 kart\u0119 zapisu i zobowi\u0105za\u0107 si\u0119 podpisem do przestrzegania regulaminu.<\/p>\n<ol start=\"4\">\n<li>Za czytelnika do lat 16 odpowiadaj\u0105 i podpisuj\u0105 zobowi\u0105zanie rodzice lub opiekunowie prawni.<\/li>\n<li>Czytelnik zobowi\u0105zany jest informowa\u0107 bibliotek\u0119 o zmianie miejsca zamieszkania , miejsca pracy lub [&#8230;]<br \/>\n","protected":false},"author":1,"featured_media":0,"parent":0,"menu_order":0,"comment_status":"closed","ping_status":"closed","template":"","meta":{"footnotes":""},"_links":{"self":[{"href":"https:\/\/kultura.koczala.pl\/biblioteka\/wp-json\/wp\/v2\/pages\/10"}],"collection":[{"href":"https:\/\/kultura.koczala.pl\/biblioteka\/wp-json\/wp\/v2\/pages"}],"about":[{"href":"https:\/\/kultura.koczala.pl\/biblioteka\/wp-json\/wp\/v2\/types\/page"}],"author":[{"embeddable":true,"href":"https:\/\/kultura.koczala.pl\/biblioteka\/wp-json\/wp\/v2\/users\/1"}],"replies":[{"embeddable":true,"href":"https:\/\/kultura.koczala.pl\/biblioteka\/wp-json\/wp\/v2\/comments?post=10"}],"version-history":[{"count":5,"href":"https:\/\/kultura.koczala.pl\/biblioteka\/wp-json\/wp\/v2\/pages\/10\/revisions"}],"predecessor-version":[{"id":172,"href":"https:\/\/kultura.koczala.pl\/biblioteka\/wp-json\/wp\/v2\/pages\/10\/revisions\/172"}],"wp:attachment":[{"href":"https:\/\/kultura.koczala.pl\/biblioteka\/wp-json\/wp\/v2\/media?parent=10"}],"curies":[{"name":"wp","href":"https:\/\/api.w.org\/{rel}","templated":true}]}}